{"id":23,"date":"2021-12-12T13:36:15","date_gmt":"2021-12-12T13:36:15","guid":{"rendered":"https:\/\/biozeller.de\/?page_id=23"},"modified":"2021-12-12T13:39:55","modified_gmt":"2021-12-12T13:39:55","slug":"antwort","status":"publish","type":"page","link":"https:\/\/biozeller.de\/?page_id=23","title":{"rendered":"Antwort"},"content":{"rendered":"\t\t<div data-elementor-type=\"wp-page\" data-elementor-id=\"23\" class=\"elementor elementor-23\" data-elementor-settings=\"[]\">\n\t\t\t\t\t\t\t<div class=\"elementor-section-wrap\">\n\t\t\t\t\t\t\t<section class=\"elementor-section elementor-top-section elementor-element elementor-element-e3b9b74 elementor-section-boxed elementor-section-height-default elementor-section-height-default\" data-id=\"e3b9b74\" data-element_type=\"section\">\n\t\t\t\t\t\t<div class=\"elementor-container elementor-column-gap-default\">\n\t\t\t\t\t<div class=\"elementor-column elementor-col-100 elementor-top-column elementor-element elementor-element-c2af0fa\" data-id=\"c2af0fa\" data-element_type=\"column\">\n\t\t\t<div class=\"elementor-widget-wrap elementor-element-populated\">\n\t\t\t\t\t\t\t\t<div class=\"elementor-element elementor-element-8edf1b5 elementor-widget elementor-widget-text-editor\" data-id=\"8edf1b5\" data-element_type=\"widget\" data-widget_type=\"text-editor.default\">\n\t\t\t\t<div class=\"elementor-widget-container\">\n\t\t\t\t\t\t\t<p>Sehr geehrte Damen und Herren,<br \/>vielen Dank f\u00fcr Ihre Nachricht. Derzeit erreichen uns aufgrund einer negativen Schmutzkampagne der Konkurrenz sehr viele Mails und wir k\u00f6nnen nicht mehr zeitnah antworten. Der Vorwurf, wir w\u00fcrden konventionelle Produkte als Bio- Produkte verkaufen, ist eine Frechheit und v\u00f6llig haltlos! Deshalb lassen wir auch niemanden mehr auf den Hof!<br \/>Viele Gr\u00fc\u00dfe Heinrich Zeller<\/p>\t\t\t\t\t\t<\/div>\n\t\t\t\t<\/div>\n\t\t\t\t\t<\/div>\n\t\t<\/div>\n\t\t\t\t\t\t\t<\/div>\n\t\t<\/section>\n\t\t\t\t\t\t<\/div>\n\t\t\t\t\t<\/div>\n\t\t","protected":false},"excerpt":{"rendered":"<p>Sehr geehrte Damen und Herren,vielen Dank f\u00fcr Ihre Nachricht. Derzeit erreichen uns aufgrund einer negativen Schmutzkampagne der Konkurrenz sehr viele Mails und wir k\u00f6nnen nicht mehr zeitnah antworten. Der Vorwurf, wir w\u00fcrden konventionelle Produkte als Bio- Produkte verkaufen, ist eine Frechheit und v\u00f6llig haltlos! Deshalb lassen wir auch niemanden mehr auf den Hof!Viele Gr\u00fc\u00dfe Heinrich [&hellip;]<\/p>\n","protected":false},"author":1,"featured_media":0,"parent":0,"menu_order":0,"comment_status":"closed","ping_status":"closed","template":"","meta":[],"_links":{"self":[{"href":"https:\/\/biozeller.de\/index.php?rest_route=\/wp\/v2\/pages\/23"}],"collection":[{"href":"https:\/\/biozeller.de\/index.php?rest_route=\/wp\/v2\/pages"}],"about":[{"href":"https:\/\/biozeller.de\/index.php?rest_route=\/wp\/v2\/types\/page"}],"author":[{"embeddable":true,"href":"https:\/\/biozeller.de\/index.php?rest_route=\/wp\/v2\/users\/1"}],"replies":[{"embeddable":true,"href":"https:\/\/biozeller.de\/index.php?rest_route=%2Fwp%2Fv2%2Fcomments&post=23"}],"version-history":[{"count":2,"href":"https:\/\/biozeller.de\/index.php?rest_route=\/wp\/v2\/pages\/23\/revisions"}],"predecessor-version":[{"id":25,"href":"https:\/\/biozeller.de\/index.php?rest_route=\/wp\/v2\/pages\/23\/revisions\/25"}],"wp:attachment":[{"href":"https:\/\/biozeller.de\/index.php?rest_route=%2Fwp%2Fv2%2Fmedia&parent=23"}],"curies":[{"name":"wp","href":"https:\/\/api.w.org\/{rel}","templated":true}]}}